{"id":371,"date":"2019-04-02T15:00:16","date_gmt":"2019-04-02T15:00:16","guid":{"rendered":"http:\/\/gokartsportarena.hu\/?page_id=371"},"modified":"2020-12-19T16:21:18","modified_gmt":"2020-12-19T16:21:18","slug":"f1-csomag-foglalas","status":"publish","type":"page","link":"https:\/\/gokartsportarena.hu\/en\/f1-csomag-foglalas\/","title":{"rendered":"Formula-1 Bundle Booking"},"content":{"rendered":"<p style=\"text-align: center;\"><span style=\"color: white; font-size: 24px;\"><a href=\"http:\/\/gokartsportarena.hu\/en\/\">&lt;&lt; BACK TO HOMEPAGE<\/a><\/span><\/p>\n<p style=\"text-align: center;\"><span style=\"color: red; font-size: 24px;\">ONLINE F1 CSOMAG FOGLAL\u00c1S<\/span><\/p>\n<p style=\"text-align: center;\"><span style=\"color: white;\">For online F1 Bundle booking, fill out the sections below<\/span><\/p>\n<p style=\"text-align: center;\">\n<span style=\"color: white;\">You can see the current bookings<\/span><br \/>\n<a href=\"https:\/\/gokartsportarena.hu\/en\/palyafoglalasok\/\">HERE<\/a><br \/>\n<span style=\"color: white;\">.....<\/span><\/p>\n<p style=\"text-align: center;\"><a href=\"https:\/\/gokartsportarena.hu\/en\/palyafoglalasok\/\"><br \/>\n<img decoding=\"async\" src=\"https:\/\/gokartsportarena.hu\/wp-content\/uploads\/2023\/12\/foglalasok_en.png\" alt=\"\" border=\"0\" \/><br \/>\n<\/a><\/p>\n<p align=\"center\"><iframe loading=\"lazy\" src=\"\/pages\/foglalas\/foglalasf1.php\" width=\"100%\" height=\"600\" scrolling=\"NO\"><\/iframe><\/p>\n<div class=\"clear\"><\/div>","protected":false},"excerpt":{"rendered":"<p>&lt;&lt; VISSZA A F\u0150OLDALRA ONLINE F1 CSOMAG FOGLAL\u00c1S Online F1 csomag foglal\u00e1shoz, t\u00f6ltsd ki az al\u00e1bbi \u0171rlapot. Az aktu\u00e1lis foglal\u00e1sokat ITT megtekintheted!<\/p>","protected":false},"author":1,"featured_media":0,"parent":0,"menu_order":0,"comment_status":"closed","ping_status":"closed","template":"","meta":{"footnotes":""},"_links":{"self":[{"href":"https:\/\/gokartsportarena.hu\/en\/wp-json\/wp\/v2\/pages\/371"}],"collection":[{"href":"https:\/\/gokartsportarena.hu\/en\/wp-json\/wp\/v2\/pages"}],"about":[{"href":"https:\/\/gokartsportarena.hu\/en\/wp-json\/wp\/v2\/types\/page"}],"author":[{"embeddable":true,"href":"https:\/\/gokartsportarena.hu\/en\/wp-json\/wp\/v2\/users\/1"}],"replies":[{"embeddable":true,"href":"https:\/\/gokartsportarena.hu\/en\/wp-json\/wp\/v2\/comments?post=371"}],"version-history":[{"count":8,"href":"https:\/\/gokartsportarena.hu\/en\/wp-json\/wp\/v2\/pages\/371\/revisions"}],"predecessor-version":[{"id":504,"href":"https:\/\/gokartsportarena.hu\/en\/wp-json\/wp\/v2\/pages\/371\/revisions\/504"}],"wp:attachment":[{"href":"https:\/\/gokartsportarena.hu\/en\/wp-json\/wp\/v2\/media?parent=371"}],"curies":[{"name":"wp","href":"https:\/\/api.w.org\/{rel}","templated":true}]}}