{"id":614,"date":"2023-12-29T18:27:17","date_gmt":"2023-12-29T18:27:17","guid":{"rendered":"https:\/\/gokartsportarena.hu\/?page_id=614"},"modified":"2023-12-29T18:36:41","modified_gmt":"2023-12-29T18:36:41","slug":"ajandek-utalvany","status":"publish","type":"page","link":"https:\/\/gokartsportarena.hu\/en\/ajandek-utalvany\/","title":{"rendered":"Aj\u00e1nd\u00e9k utalv\u00e1ny &#8211; m\u00e1r 9500 Ft -t\u00f3l"},"content":{"rendered":"<div class=\"summary entry-summary\">\n<h1 class=\"product_title entry-title\">Gift Voucher worth value of 9.500 HUF<\/h1>\n<p class=\"price\"><span class=\"woocommerce-Price-amount amount\"><bdi>9 500<span class=\"woocommerce-Price-currencySymbol\">Ft<\/span><\/bdi><\/span><\/p>\n<div class=\"woocommerce-product-details__short-description\">\n<ul>\n<li>You can redeem the gift voucher within 1 year from the date of purchase.<\/li>\n<li>It is not exchangeable for cash, and no cash refund will be given.<\/li>\n<li>It can be used by multiple individuals within its value.<\/li>\n<li>You can buy it with the following worth: 9 500 HUF - 19 000 HUF - 38 000 HUF. It can be purchased on site, during opening hours!<\/li>\n<\/ul>\n<\/div>\n<div class=\"product_meta\">\n<\/div>\n<\/p><\/div>\n<div class=\"woocommerce-tabs wc-tabs-wrapper\">\n<ul class=\"tabs wc-tabs\" role=\"tablist\">\n<li class=\"description_tab active\" id=\"tab-title-description\" role=\"tab\" aria-controls=\"tab-description\">\n\t\t\t\t\t&nbsp;&nbsp;&nbsp;\n\t\t\t\t<\/li>\n<\/ul>\n<div class=\"woocommerce-Tabs-panel woocommerce-Tabs-panel--description panel entry-content wc-tab\" id=\"tab-description\" role=\"tabpanel\" aria-labelledby=\"tab-title-description\" style=\"\">\n<h2>Description<\/h2>\n<p>You can buy it with the following worth: 9 500 HUF - 19 000 HUF - 38 000 HUF. It can be purchased on site, during opening hours!<\/p>\n<\/p><\/div>\n<\/p><\/div>","protected":false},"excerpt":{"rendered":"<p>Aj\u00e1nd\u00e9k utalv\u00e1ny m\u00e1r 9 500 Ft-t\u00f3l 9 500Ft Az aj\u00e1nd\u00e9k utalv\u00e1nyt felhaszn\u00e1lhatod a megv\u00e1s\u00e1rl\u00e1st k\u00f6vet\u0151 1 \u00e9ven bel\u00fcl. K\u00e9szp\u00e9nzre nem v\u00e1lthat\u00f3 \u00e9s k\u00e9szp\u00e9nzt nem adunk vissza bel\u0151le. T\u00f6bben is felhaszn\u00e1lhatj\u00e1tok a n\u00e9v\u00e9rt\u00e9ken bel\u00fcl. 9 500 Ft \u2013 19 000 Ft \u2013 38 000 Ft \u00e9rt\u00e9kben, a helysz\u00ednen v\u00e1s\u00e1rolhat\u00f3ak, nyitvatart\u00e1si id\u0151ben! &nbsp;&nbsp;&nbsp; Le\u00edr\u00e1s Aj\u00e1nd\u00e9k utalv\u00e1nyok 9 [&hellip;]<\/p>","protected":false},"author":1,"featured_media":0,"parent":0,"menu_order":0,"comment_status":"closed","ping_status":"closed","template":"","meta":{"footnotes":""},"_links":{"self":[{"href":"https:\/\/gokartsportarena.hu\/en\/wp-json\/wp\/v2\/pages\/614"}],"collection":[{"href":"https:\/\/gokartsportarena.hu\/en\/wp-json\/wp\/v2\/pages"}],"about":[{"href":"https:\/\/gokartsportarena.hu\/en\/wp-json\/wp\/v2\/types\/page"}],"author":[{"embeddable":true,"href":"https:\/\/gokartsportarena.hu\/en\/wp-json\/wp\/v2\/users\/1"}],"replies":[{"embeddable":true,"href":"https:\/\/gokartsportarena.hu\/en\/wp-json\/wp\/v2\/comments?post=614"}],"version-history":[{"count":9,"href":"https:\/\/gokartsportarena.hu\/en\/wp-json\/wp\/v2\/pages\/614\/revisions"}],"predecessor-version":[{"id":623,"href":"https:\/\/gokartsportarena.hu\/en\/wp-json\/wp\/v2\/pages\/614\/revisions\/623"}],"wp:attachment":[{"href":"https:\/\/gokartsportarena.hu\/en\/wp-json\/wp\/v2\/media?parent=614"}],"curies":[{"name":"wp","href":"https:\/\/api.w.org\/{rel}","templated":true}]}}